{"id":537,"date":"2024-12-02T08:25:30","date_gmt":"2024-12-02T08:25:30","guid":{"rendered":"https:\/\/www.animsurlelac.ca\/contact-us\/"},"modified":"2025-04-02T05:19:56","modified_gmt":"2025-04-02T05:19:56","slug":"contact-us","status":"publish","type":"page","link":"https:\/\/www.animsurlelac.ca\/en\/contact-us\/","title":{"rendered":"Contact us"},"content":{"rendered":"\n<div class=\"wp-block-stackable-columns stk-block-columns stk-block stk-b256ca4\" data-block-id=\"b256ca4\"><div class=\"stk-row stk-inner-blocks stk-block-content stk-content-align stk-b256ca4-column\">\n<div class=\"wp-block-stackable-column stk-block-column stk-column stk-block stk-1beeb62\" data-v=\"4\" data-block-id=\"1beeb62\"><style>@media screen and (min-width: 768px){.stk-1beeb62 {flex:var(--stk-flex-grow, 1) 1 calc(66.666% - var(--stk-column-gap, 0px) * 1 \/ 2 ) !important;}}<\/style><div class=\"stk-column-wrapper stk-block-column__content stk-container stk-1beeb62-container stk--no-background stk--no-padding\"><div class=\"stk-block-content stk-inner-blocks stk-1beeb62-inner-blocks\">\n<div class=\"wp-block-stackable-heading stk-block-heading stk-block-heading--v2 stk-block stk-87dc999\" id=\"festival-location\" data-block-id=\"87dc999\"><h2 class=\"stk-block-heading__text\">festival location<\/h2><\/div>\n\n\n\n<iframe src=\"https:\/\/www.google.com\/maps\/embed?pb=!1m18!1m12!1m3!1d5271.062764924566!2d-72.4563233!3d48.6570794!2m3!1f0!2f0!3f0!3m2!1i1024!2i768!4f13.1!3m3!1m2!1s0x4cc207e44b29ac3b%3A0x1864866c97e1838f!2sH%C3%B4tel%20du%20Jardin!5e0!3m2!1sfr!2sca!4v1743567485065!5m2!1sfr!2sca\" width=\"100%\" height=\"450\" style=\"border:0;\" allowfullscreen=\"\" loading=\"lazy\" referrerpolicy=\"no-referrer-when-downgrade\"><\/iframe>\n<\/div><\/div><\/div>\n\n\n\n<div class=\"wp-block-stackable-column stk-block-column stk-column stk-block stk-204573c\" data-v=\"4\" data-block-id=\"204573c\"><style>@media screen and (min-width: 768px){.stk-204573c {flex:var(--stk-flex-grow, 1) 1 calc(33.333% - var(--stk-column-gap, 0px) * 1 \/ 2 ) !important;}}<\/style><div class=\"stk-column-wrapper stk-block-column__content stk-container stk-204573c-container stk--no-background stk--no-padding\"><div class=\"stk-block-content stk-inner-blocks stk-204573c-inner-blocks\">\n<div class=\"wp-block-stackable-heading stk-block-heading stk-block-heading--v2 stk-block stk-b6ab40d\" id=\"strong-hotel-du-jardin-strong\" data-block-id=\"b6ab40d\"><h2 class=\"stk-block-heading__text\"><strong>H\u00f4tel du Jardin<\/strong><\/h2><\/div>\n\n\n\n<div class=\"wp-block-stackable-text stk-block-text stk-block stk-39d1ab4 stk-block-background\" data-block-id=\"39d1ab4\"><style>.stk-39d1ab4 {background-color:var(--ast-global-color-7) !important;padding-top:20px !important;padding-right:20px !important;padding-bottom:20px !important;padding-left:20px !important;}.stk-39d1ab4:before{background-color:var(--ast-global-color-7) !important;}.stk-39d1ab4 .stk-block-text__text{font-size:20px !important;color:var(--ast-global-color-3) !important;}@media screen and (max-width: 1023px){.stk-39d1ab4 .stk-block-text__text{font-size:20px !important;}}<\/style><p class=\"stk-block-text__text has-text-color has-text-align-left\">1400 Bd du Jardin<br>Saint-F\u00e9licien<br>Qu\u00e9bec, Canada <br>G8K 2N8<\/p><\/div>\n<\/div><\/div><\/div>\n<\/div><\/div>\n\n\n\n<div class=\"wp-block-stackable-columns stk-block-columns stk-block stk-dff89a2\" data-block-id=\"dff89a2\"><div class=\"stk-row stk-inner-blocks stk-block-content stk-content-align stk-dff89a2-column\">\n<div class=\"wp-block-stackable-column stk-block-column stk-column stk-block stk-a076a7e\" data-v=\"4\" data-block-id=\"a076a7e\"><style>@media screen and (min-width: 768px){.stk-a076a7e {flex:var(--stk-flex-grow, 1) 1 calc(66.666% - var(--stk-column-gap, 0px) * 1 \/ 2 ) !important;}}<\/style><div class=\"stk-column-wrapper stk-block-column__content stk-container stk-a076a7e-container stk--no-background stk--no-padding\"><div class=\"stk-block-content stk-inner-blocks stk-a076a7e-inner-blocks\">\n<div class=\"wp-block-stackable-heading stk-block-heading stk-block-heading--v2 stk-block stk-da007d7\" id=\"contact-us\" data-block-id=\"da007d7\"><h2 class=\"stk-block-heading__text\">CONTACT US<\/h2><\/div>\n\n\n<form method=\"post\" class=\"acfe-form\" data-cid=\"69d97f800b847\" id=\"contact_message\">\t<div id=\"acf-form-data\" class=\"acf-hidden\">\n\t\t<input type=\"hidden\" id=\"_acf_screen\" name=\"_acf_screen\" value=\"acfe_form\"\/><input type=\"hidden\" id=\"_acf_post_id\" name=\"_acf_post_id\" value=\"537\"\/><input type=\"hidden\" id=\"_acf_validation\" name=\"_acf_validation\" value=\"1\"\/><input type=\"hidden\" id=\"_acf_form\" name=\"_acf_form\" value=\"aDdibXNlVXpWQkxLMnh1NnZUQVMxaEx3WlBnRFFzT2R3cytDNE9xYWtZN052bDc0NkE4UjJOL1RqUXFFUjNreW9ESERXL29ySmNqd0ZJWmJsQXV4M0RhV1ZBNDA2S0xQbzZsSTBiTzB6RWJ2S1dFak1FYS9wbDFCYm90cjZ5c1Z3ZWl1eVRjajBNa1JBTjhVMlNQTjRtN05RN1Vsa214SHY0SUt1aHpVeUR2dnkvNDF2Qkp4djdxVDYvSlJqVDFWbjhPT0FjS3lwS09tTzkwWjlYRjFHNkRvZ0JBQWEzVUF0MzRvQmpQbS8vRFJ0SWRlWkRTclRiMWsxcXBCbHBtYlZsVVFhNUFxa0NsVGpkdktGaWl1emIxaE5MdVBWcDJ3a01sUFFQN3RmS1NZcnhhU2ZPb1NJUXp1b2JqbUpOSURFejdpSFBRc3NpOE1yT1ZQMk5ReERRUjh1cjJrSlY3OVFPTGcyMWQ0bDVMeDF0LzJvSUNLTytCNHpRUGNURTl5OXNuTTROYkFaSWFEcUF4UlJSK3pWbDkvSkd6WE5BTGZUSXdWV3A5K2VkbGI1dGIxaGdneWcvNHFsQ0Viak1UcGE3UVV2WTRrd1YwQXM2VThDcFd3WHN5QWs2cVBhandGSGlNeDJrSGdHbUpyNi9sZkNldDdSNDdsQ1RWaDRvbUNpZnJsSFRMWkhZNkZVU1d0MVlXenJZUFV0SUhpeHJuMVR0b3pyK0FTaWFERTh4cGdzNmRKZ01SMmg0NzNCNmxKQVRCL0MrTWMvU2p6OTNacURuVElCazdWaVk5SXlOckVZSTBqNTBrbFlZWVlyZ1N6U1lET2tyTjJ3K09lL3dKOUVraW1WOEJQYi9GNzd6RW5mVDhUMncrOHJKWktGTE84QkJiSE1pZzV2akdHaDBXdnFRT2JiTXRKc1hjbW9FM3MyeERMa25QU001aUdaSFBFWFNOcCtia09DVllhMFgrZzBVL0htN0dvSGhxVEFZTFpWdGhVNklRQ3lscTl0R0RsNDVqVkVTajcwTDQyd0d0UkhVMXdRSndSckNONDFqV1pQS2UyeER4RTIxMmRsclMwaUZLRmYvN3ZvbjVaWGdzeWVpei96bG9GTi9CTVdCY0p3aGloaU5Kdk1VOEx0OTgwOUVLV2hOOHgwOEd0bnQyTEpMVXFNZkIvbHM3bGE0cyttSmlJNkRkMzBJNXAxL0xqd1RTUkdMeDFwSjhGK0N6R291MEtpK2NJSEdGeWNUOXh3MW5wMWdCYjladHRDcDFFTHZDTDBKR2tCVVFTVTluakgwb2IvakRVOUY0b0tzbnRDM2xRWGlZU0U0RXdrS2lXS1MrTXR5Qmh4amVOWFVETDY5MXByQVViR21GWTExbmY1d052WjZuZVREbDZkRUVmMVFmbCtHVm1zN1ViS0hxZU1jKzBidHZoOVdVZll1SCtyOHdPaXlKNlBPWk43bGNST3VPWDhnRGV0TWV6dkFxQkIwOXNsRXh0ek5NQUpLY08zYk8zb3AwbWtTd1BOL21ldXZCSkxnaEliOW42TWo3K3NTY1IwaDZzZDVwVlVqdzVmOEF6eVkweDZNNWRENVIwTFRTdDJwQ0pqejhNNStISUlRRUZYMG5QaWlKQ1hMVlJnMXp6VHRoWUdzNFFlYlFqRHp6QjJKMll6UzhPcGlHTXdPVWNHQkk2c2tFdWFmRTh5RGpHRGdoaXovMWd2NzYzQ0RhaTdzeEFPQjdFT2poYWVDZUZmcm9BUU15V2hhMWVuTUV4a1lXNjM0QTRHUUhUQUFIdFdGYjJ2M0hCWlhPTnJzdHhtWEZseG9TTXZ4ejRLQ1VsM1RRTXFXMFRLZHNmRVJjcTFaTTM1T2x2TGoveGtUMDRZZnFLSEtKV0VKeGNsd0pZYTRkN1ErU2JTQ014QmU0SEIvOFFLRVhWdzYvRWtpZjV6Qit2U0dVVFRJY1JiS2haVHlRb0dBdEE4OWNNcmlWOE00bStjMFFQdkt0MkRyaExDK09hVnVnZVdsRXJJRDJBQjFVSGpkaU1WRjhHaGZFeWRMb0NPcWtqRTZ3bENDeVp5Qk1uYlh1VXZORTVyZERxbnMra1VtVThrQWRMRDNWTWdGTFRrQ2ZtRWhwQ1VNbzgxZUgxK3VWbFVVYlVCV1d6NElKcHNvVWEzYUttSnRHNnBSNnhHV2EzL3ovdVMvNGhaOHMyVXZCam5BdTZYUlVoeHRITjBFLzV3SjhPb1ZEd21JSHdzQUpPWlVCOXIwS1U3amhFaFV1Z3pZbHhZRENvN3A5emg1ZDJWdGZQYSt1TkRXV21uZ1VwaWNwOUE4Mml1M2IvTVZLZ0RJa0IyaXgzWWdHWFR1OUQyanByS00wRThBdzlYYXRBVisrRmNocnlYamtyVXFoSUYrNE51RXFVTWJpWnZrQ3VYWXZraEdWTkRTQ203bUhPRUV6S1E3b1Q2ZUEvWVRKQ1ZzeHdncVpuRnFQb09pbTZjS01DcnV2bEhKOUpZbUtIMUNjOEtIc01Tb1BMQWtlbGlxR1JmQk1ITmorOFFWNngrUEhwRVZSaVVEc2RqOVlDSERaK2FEQk1aakNYNC8rTWs0TXZvYVc5V1huMVpWc3V5SzZuUmgrNFJPZkhkTndRdGdWS2ZkVHFESTJnZWkwaDFQclQ0QWJJUnE2aXRCM1NNeTRaallmOE9WdkdZbEx5QmR5VjZZakZiRFhWNEZoTVRHM01hMjF1cUUzbG1KbHMzQkw3TGlWQXJtWXlpZi9PZEhEMS85ajh5NFJWTTVJRWxxLzNCVmtvajM2YTRPVEt2RUlqTFZINlJOaTNiR2tXQjI2bjJ4VGUxLzFzUCtiOUhSeGNsMkNMak00MzI3amN5d2Q4WWxtb2hhWHRvRis3YkVNNE10ZmI3VjFQZHFMS2p3YW1FM052OHNqbG9FOUdKRm5rcHhtYXo3a0lIakhlUzA4SjlKMjlLZU04azA1R3o3KzFVK3JNYk5XYkxCcGZaRUJ1Q01YbzZFM1ZEbndZMFFGK0F1T3lKVDlMOTlJcG82Q2I5bUFBeGU3ZGJFdVdhQ1hGRTZHQmR6dVBEQ0pUbG5UUS9zQk1Zdkx3czRmM2VoNWprYVZmVUZuRmtBZlpjeXdvV29ROTJGY052d1NBc0t6SitkcTRJQ0htcWFmaGRWdzFmVFQ0WVJ4NFA1Q2dScCt4UXhPR2NiTzRhTk1hVFpLWXExdFBEbEhkU2lwcjVPeWo2RXJiK3J5UFY3aCtqdEl1aHZhMW1NSjlvQXRsVUUzRWxEbkc0aHhrWG9rRkpucENtTUtBL1NxOXZWbmJFUTk2ZUdqQlpXZDMzSGs3MUk5TXJTT1ZtNFBWVkM5WTJRYmUvdjE1dGN6dU9tOTBiRk1ZZ3JQOWd5emdQSkdVek5QTDFFTUlNY1ZncnBFZEd5aEVBZTV2WjBPRFBhTDk5RHErTW1YRVY0RzQ4U2lvM1A2UnJSa3B5bGRNNWhYMjJRZ0tRdWZYSlozWFlNQ1c1Y1dMNnh1QlpnL0g0UVdXR01SdFB3R1paSUpReDJhais3anRtdkh4UC9WVkUydGpmQmtGTS8vOGhYWlROQUtPVGhrekxIaFNaR0tKWWxLMnNGM1R4SjYzV3lxdG5RNlBhQUIyL3ZCa0lOMlRtbGVrVzFTWkI5QmRFZWdjSVl1TkRobS9NNVBWTHFqM3c1TlExdHMrcUVQUnNSQ1ZXVkVVYTJrZ1RvYTZ4TjhFUkNFL1A0NC9MOGpXenc2bzBCL0Z4ODVpQVd3L3RLUmt3U0Rxa1U4WVBGaHRaT0JBTWJsdHFqOU4vKzdJTFlKa1FmQ09RNFo2Ojqtg5ohK4jWIt7MRz0+G3xH\"\/><input type=\"hidden\" id=\"_acf_nonce\" name=\"_acf_nonce\" value=\"37a75c3e3a\"\/><input type=\"hidden\" id=\"_acf_changed\" name=\"_acf_changed\" value=\"0\"\/><input type=\"hidden\" id=\"_acf_location[post_id]\" name=\"_acf_location[post_id]\" value=\"537\"\/>\t<\/div>\n\t<div class=\"acf-fields acf-form-fields -top\"><div class=\"acf-field acf-field-text acf-field--validate-email\" style=\"display:none !important;\" data-name=\"_validate_email\" data-type=\"text\" data-key=\"_validate_email\">\n<div class=\"acf-label\">\n<label for=\"acf-_validate_email\">Validate Email<\/label><\/div>\n<div class=\"acf-input\">\n<div class=\"acf-input-wrap\"><input type=\"text\" id=\"acf-_validate_email\" name=\"acf[_validate_email]\"\/><\/div><\/div>\n<\/div>\n<div class=\"acf-field acf-field-text acf-field-679765649d091 is-required acfe-no-label\" style=\"width:50%;\" data-name=\"firstname\" data-type=\"text\" data-key=\"field_679765649d091\" data-required=\"1\" data-width=\"50\">\n<div class=\"acf-label\">\n<label for=\"acf-field_679765649d091\"> <span class=\"acf-required\">*<\/span><\/label><\/div>\n<div class=\"acf-input\">\n<div class=\"acf-input-wrap\"><input type=\"text\" id=\"acf-field_679765649d091\" name=\"acf[field_679765649d091]\" placeholder=\"Pr\u00e9nom (requis)\" maxlength=\"50\" required=\"required\"\/><\/div><\/div>\n<\/div>\n<div class=\"acf-field acf-field-text acf-field-6797664e9d093 is-required acfe-no-label\" style=\"width:50%;\" data-name=\"lastname\" data-type=\"text\" data-key=\"field_6797664e9d093\" data-required=\"1\" data-width=\"50\">\n<div class=\"acf-label\">\n<label for=\"acf-field_6797664e9d093\"> <span class=\"acf-required\">*<\/span><\/label><\/div>\n<div class=\"acf-input\">\n<div class=\"acf-input-wrap\"><input type=\"text\" id=\"acf-field_6797664e9d093\" name=\"acf[field_6797664e9d093]\" placeholder=\"Nom (requis)\" maxlength=\"50\" required=\"required\"\/><\/div><\/div>\n<\/div>\n<div class=\"acf-field acf-field-email acf-field-6797665e9d094 is-required acfe-no-label\" style=\"width:50%;\" data-name=\"email\" data-type=\"email\" data-key=\"field_6797665e9d094\" data-required=\"1\" data-width=\"50\">\n<div class=\"acf-label\">\n<label for=\"acf-field_6797665e9d094\"> <span class=\"acf-required\">*<\/span><\/label><\/div>\n<div class=\"acf-input\">\n<div class=\"acf-input-wrap\"><input type=\"email\" id=\"acf-field_6797665e9d094\" name=\"acf[field_6797665e9d094]\" placeholder=\"Courriel (requis)\" required=\"required\"\/><\/div><\/div>\n<\/div>\n<div class=\"acf-field acf-field-text acf-field-679766839d095 acfe-no-label\" style=\"width:50%;\" data-name=\"phone\" data-type=\"text\" data-key=\"field_679766839d095\" data-width=\"50\">\n<div class=\"acf-label\">\n<\/div>\n<div class=\"acf-input\">\n<div class=\"acf-input-wrap\"><input type=\"text\" id=\"acf-field_679766839d095\" name=\"acf[field_679766839d095]\" placeholder=\"T\u00e9l\u00e9phone\" maxlength=\"20\"\/><\/div><\/div>\n<\/div>\n<div class=\"acf-field acf-field-textarea acf-field-679766a39d096 acfe-no-label\" data-name=\"message\" data-type=\"textarea\" data-key=\"field_679766a39d096\">\n<div class=\"acf-label\">\n<\/div>\n<div class=\"acf-input\">\n<textarea id=\"acf-field_679766a39d096\" name=\"acf[field_679766a39d096]\" placeholder=\"Message \/ Commentaires \/ Suggestions\" rows=\"6\"><\/textarea><\/div>\n<\/div>\n<\/div>            <div class=\"acf-form-submit\">\r\n                \r\n                <input id=\"contact_message_submit\" type=\"submit\" class=\"acf-button button button-primary button-large\" value=\"Envoyer\" \/>                \r\n            <\/div>\r\n        <\/form>\n\n\n\n<div class=\"wp-block-stackable-button-group stk-block-button-group stk-block stk-994a8cc\" data-block-id=\"994a8cc\"><div class=\"stk-row stk-inner-blocks has-text-align-center stk-block-content stk-button-group\">\n<div class=\"wp-block-stackable-button stk-block-button is-style-ghost stk-block stk-6513b8a\" id=\"newsletter_submit\" data-block-id=\"6513b8a\"><style>.stk-6513b8a {margin-top:0px !important;margin-right:0px !important;margin-bottom:0px !important;margin-left:0px !important;}.stk-6513b8a .stk-button{min-height:50px !important;background:var(--ast-global-color-0) !important;}.stk-6513b8a .stk-button:hover:after{background:var(--ast-global-color-3) !important;opacity:1 !important;}:where(.stk-hover-parent:hover,  .stk-hover-parent.stk--is-hovered) .stk-6513b8a .stk-button:after{background:transparent !important;opacity:1 !important;}.stk-6513b8a .stk-button:before{border-style:solid !important;border-color:var(--ast-global-color-3) !important;border-top-width:1px !important;border-right-width:1px !important;border-bottom-width:1px !important;border-left-width:1px !important;}.stk-6513b8a .stk-button .stk--inner-svg svg:last-child{height:20px !important;width:20px !important;margin-inline-end:0px !important;}.stk-6513b8a .stk-button .stk--inner-svg svg:last-child, .stk-6513b8a .stk-button .stk--inner-svg svg:last-child :is(g, path, rect, polygon, ellipse){fill:var(--ast-global-color-3) !important;}.stk-6513b8a .stk-button:hover .stk--inner-svg svg:last-child, .stk-6513b8a .stk-button:hover .stk--inner-svg svg:last-child :is(g, path, rect, polygon, ellipse){fill:var(--ast-global-color-0) !important;}.stk-6513b8a .stk-button__inner-text{font-size:20px !important;color:var(--ast-global-color-3) !important;line-height:8px !important;font-family:\"Bebas Neue\", Sans-serif !important;letter-spacing:2px !important;}.stk-6513b8a .stk-button:hover .stk-button__inner-text{color:var(--ast-global-color-0) !important;}@media screen and (max-width: 1023px){.stk-6513b8a .stk-button__inner-text{font-size:20px !important;}}<\/style><a class=\"stk-link stk-button stk--hover-effect-darken\" href=\"javascript:document.getElementById('contact_message_submit').click();\"><span class=\"stk--svg-wrapper\"><div class=\"stk--inner-svg\"><svg xmlns=\"http:\/\/www.w3.org\/2000\/svg\" viewBox=\"0 0 512 512\" aria-hidden=\"true\" width=\"32\" height=\"32\"><path d=\"M498.1 5.6c10.1 7 15.4 19.1 13.5 31.2l-64 416c-1.5 9.7-7.4 18.2-16 23s-18.9 5.4-28 1.6L284 427.7l-68.5 74.1c-8.9 9.7-22.9 12.9-35.2 8.1S160 493.2 160 480V396.4c0-4 1.5-7.8 4.2-10.7L331.8 202.8c5.8-6.3 5.6-16-.4-22s-15.7-6.4-22-.7L106 360.8 17.7 316.6C7.1 311.3 .3 300.7 0 288.9s5.9-22.8 16.1-28.7l448-256c10.7-6.1 23.9-5.5 34 1.4z\"><\/path><\/svg><\/div><\/span><span class=\"has-text-color stk-button__inner-text\">Send<\/span><\/a><\/div>\n<\/div><\/div>\n<\/div><\/div><\/div>\n\n\n\n<div class=\"wp-block-stackable-column stk-block-column stk-column stk-block stk-871d055\" data-v=\"4\" data-block-id=\"871d055\"><style>@media screen and (min-width: 768px){.stk-871d055 {flex:var(--stk-flex-grow, 1) 1 calc(33.334% - var(--stk-column-gap, 0px) * 1 \/ 2 ) !important;}}<\/style><div class=\"stk-column-wrapper stk-block-column__content stk-container stk-871d055-container stk--no-background stk--no-padding\"><div class=\"stk-block-content stk-inner-blocks stk-871d055-inner-blocks\">\n<div class=\"wp-block-stackable-heading stk-block-heading stk-block-heading--v2 stk-block stk-80826cb\" id=\"mailing-address\" data-block-id=\"80826cb\"><h2 class=\"stk-block-heading__text\">Mailing address<\/h2><\/div>\n\n\n\n<div class=\"wp-block-stackable-text stk-block-text stk-block stk-49bc8b8 stk-block-background\" data-block-id=\"49bc8b8\"><style>.stk-49bc8b8 {background-color:var(--ast-global-color-7) !important;padding-top:20px !important;padding-right:20px !important;padding-bottom:20px !important;padding-left:20px !important;}.stk-49bc8b8:before{background-color:var(--ast-global-color-7) !important;}.stk-49bc8b8 .stk-block-text__text{font-size:20px !important;color:var(--ast-global-color-3) !important;}@media screen and (max-width: 1023px){.stk-49bc8b8 .stk-block-text__text{font-size:20px !important;}}<\/style><p class=\"stk-block-text__text has-text-color has-text-align-left\">1014 rue Bellevue Sud<br>Saint-F\u00e9licien<br>Qu\u00e9bec, Canada<br>G8K 1H5<\/p><\/div>\n\n\n\n<div class=\"wp-block-stackable-text stk-block-text stk-block stk-43b628e stk-block-background\" data-block-id=\"43b628e\"><style>.stk-43b628e {background-color:var(--ast-global-color-7) !important;padding-top:20px !important;padding-right:20px !important;padding-bottom:20px !important;padding-left:20px !important;}.stk-43b628e:before{background-color:var(--ast-global-color-7) !important;}.stk-43b628e .stk-block-text__text{font-size:18px !important;color:var(--ast-global-color-3) !important;}@media screen and (max-width: 1023px){.stk-43b628e .stk-block-text__text{font-size:18px !important;}}<\/style><p class=\"stk-block-text__text has-text-color has-text-align-left\">Telephone: 581-306-6551<br>E-mail: <a href=\"mailto:info@animsurlelac.ca\">info@animsurlelac.ca<\/a><\/p><\/div>\n<\/div><\/div><\/div>\n<\/div><\/div>\n\n\n\n<p><\/p>\n","protected":false},"excerpt":{"rendered":"<p>festival location H\u00f4tel du Jardin 1400 Bd du JardinSaint-F\u00e9licienQu\u00e9bec, Canada G8K 2N8 CONTACT US Send Mailing address 1014 rue Bellevue [&hellip;]<\/p>\n","protected":false},"author":1,"featured_media":0,"parent":0,"menu_order":0,"comment_status":"closed","ping_status":"closed","template":"","meta":{"_acf_changed":false,"_seopress_robots_primary_cat":"","_seopress_titles_title":"","_seopress_titles_desc":"","_seopress_robots_index":"","site-sidebar-layout":"default","site-content-layout":"","ast-site-content-layout":"default","site-content-style":"default","site-sidebar-style":"default","ast-global-header-display":"","ast-banner-title-visibility":"","ast-main-header-display":"","ast-hfb-above-header-display":"","ast-hfb-below-header-display":"","ast-hfb-mobile-header-display":"","site-post-title":"","ast-breadcrumbs-content":"","ast-featured-img":"","footer-sml-layout":"","ast-disable-related-posts":"","theme-transparent-header-meta":"","adv-header-id-meta":"","stick-header-meta":"","header-above-stick-meta":"","header-main-stick-meta":"","header-below-stick-meta":"","astra-migrate-meta-layouts":"default","ast-page-background-enabled":"default","ast-page-background-meta":{"desktop":{"background-color":"var(--ast-global-color-4)","background-image":"","background-repeat":"repeat","background-position":"center center","background-size":"auto","background-attachment":"scroll","background-type":"","background-media":"","overlay-type":"","overlay-color":"","overlay-opacity":"","overlay-gradient":""},"tablet":{"background-color":"","background-image":"","background-repeat":"repeat","background-position":"center center","background-size":"auto","background-attachment":"scroll","background-type":"","background-media":"","overlay-type":"","overlay-color":"","overlay-opacity":"","overlay-gradient":""},"mobile":{"background-color":"","background-image":"","background-repeat":"repeat","background-position":"center center","background-size":"auto","background-attachment":"scroll","background-type":"","background-media":"","overlay-type":"","overlay-color":"","overlay-opacity":"","overlay-gradient":""}},"ast-content-background-meta":{"desktop":{"background-color":"var(--ast-global-color-5)","background-image":"","background-repeat":"repeat","background-position":"center center","background-size":"auto","background-attachment":"scroll","background-type":"","background-media":"","overlay-type":"","overlay-color":"","overlay-opacity":"","overlay-gradient":""},"tablet":{"background-color":"var(--ast-global-color-5)","background-image":"","background-repeat":"repeat","background-position":"center center","background-size":"auto","background-attachment":"scroll","background-type":"","background-media":"","overlay-type":"","overlay-color":"","overlay-opacity":"","overlay-gradient":""},"mobile":{"background-color":"var(--ast-global-color-5)","background-image":"","background-repeat":"repeat","background-position":"center center","background-size":"auto","background-attachment":"scroll","background-type":"","background-media":"","overlay-type":"","overlay-color":"","overlay-opacity":"","overlay-gradient":""}},"footnotes":""},"class_list":["post-537","page","type-page","status-publish","hentry"],"acf":[],"_links":{"self":[{"href":"https:\/\/www.animsurlelac.ca\/en\/wp-json\/wp\/v2\/pages\/537","targetHints":{"allow":["GET"]}}],"collection":[{"href":"https:\/\/www.animsurlelac.ca\/en\/wp-json\/wp\/v2\/pages"}],"about":[{"href":"https:\/\/www.animsurlelac.ca\/en\/wp-json\/wp\/v2\/types\/page"}],"author":[{"embeddable":true,"href":"https:\/\/www.animsurlelac.ca\/en\/wp-json\/wp\/v2\/users\/1"}],"replies":[{"embeddable":true,"href":"https:\/\/www.animsurlelac.ca\/en\/wp-json\/wp\/v2\/comments?post=537"}],"version-history":[{"count":3,"href":"https:\/\/www.animsurlelac.ca\/en\/wp-json\/wp\/v2\/pages\/537\/revisions"}],"predecessor-version":[{"id":581,"href":"https:\/\/www.animsurlelac.ca\/en\/wp-json\/wp\/v2\/pages\/537\/revisions\/581"}],"wp:attachment":[{"href":"https:\/\/www.animsurlelac.ca\/en\/wp-json\/wp\/v2\/media?parent=537"}],"curies":[{"name":"wp","href":"https:\/\/api.w.org\/{rel}","templated":true}]}}